{"id":2706,"date":"2019-11-28T13:56:30","date_gmt":"2019-11-28T12:56:30","guid":{"rendered":"https:\/\/patek.onenetwp.com\/datenschutzerklarung\/"},"modified":"2019-12-21T11:32:39","modified_gmt":"2019-12-21T10:32:39","slug":"polityka-prywatnosci","status":"publish","type":"page","link":"https:\/\/patek.com.pl\/pl\/polityka-prywatnosci\/","title":{"rendered":"Polityka prywatno\u015bci"},"content":{"rendered":"\t\t<div data-elementor-type=\"wp-post\" data-elementor-id=\"2706\" class=\"elementor elementor-2706 elementor-2025\" data-elementor-post-type=\"page\">\n\t\t\t\t\t\t<section class=\"elementor-section elementor-top-section elementor-element elementor-element-4222fccc elementor-section-content-bottom elementor-section-height-min-height elementor-section-boxed elementor-section-height-default elementor-section-items-middle\" data-id=\"4222fccc\" data-element_type=\"section\" data-e-type=\"section\" data-settings=\"{&quot;background_background&quot;:&quot;classic&quot;}\">\n\t\t\t\t\t\t\t<div class=\"elementor-background-overlay\"><\/div>\n\t\t\t\t\t\t\t<div class=\"elementor-container elementor-column-gap-no\">\n\t\t\t\t\t<div class=\"elementor-column elementor-col-100 elementor-top-column elementor-element elementor-element-455caf3d\" data-id=\"455caf3d\" data-element_type=\"column\" data-e-type=\"column\">\n\t\t\t<div class=\"elementor-widget-wrap elementor-element-populated\">\n\t\t\t\t\t\t<div class=\"elementor-element elementor-element-1ddad40f uael-dual-heading-align-left elementor-invisible elementor-widget elementor-widget-uael-dual-color-heading\" data-id=\"1ddad40f\" data-element_type=\"widget\" data-e-type=\"widget\" data-settings=\"{&quot;_animation&quot;:&quot;fadeInUp&quot;,&quot;_animation_delay&quot;:100}\" data-widget_type=\"uael-dual-color-heading.default\">\n\t\t\t\t<div class=\"elementor-widget-container\">\n\t\t\t\t\t\t\t\t\t<div class=\"uael-module-content uael-dual-color-heading uael-heading-stack-none\">\n\t\t\t<h1>\n\t\t\t\t\t\t\t\t\t\t\t\t\t\t\t\t<span class=\"uael-before-heading\"><span class=\"elementor-inline-editing uael-dual-heading-text uael-first-text\" data-elementor-setting-key=\"before_heading_text\" data-elementor-inline-editing-toolbar=\"basic\">Patek to <\/span><\/span><span class=\"uael-adv-heading-stack\"><span class=\"elementor-inline-editing uael-dual-heading-text uael-highlight-text\" data-elementor-setting-key=\"second_heading_text\" data-elementor-inline-editing-toolbar=\"basic\">zasady<\/span><\/span>\t\t\t\t\t\t\t\t\t\t\t\t\t<\/h1>\n\t\t<\/div>\n\t\t\t\t\t\t<\/div>\n\t\t\t\t<\/div>\n\t\t\t\t<div class=\"elementor-element elementor-element-572cc7b9 elementor-invisible elementor-widget elementor-widget-text-editor\" data-id=\"572cc7b9\" data-element_type=\"widget\" data-e-type=\"widget\" data-settings=\"{&quot;_animation&quot;:&quot;fadeInUp&quot;,&quot;_animation_delay&quot;:150}\" data-widget_type=\"text-editor.default\">\n\t\t\t\t<div class=\"elementor-widget-container\">\n\t\t\t\t\t\t\t\t\t<p>Dbamy o bezpiecze\u0144stwo Twoich danych. O tym jak jest to dla nas wa\u017cne \u015bwiadczy m.in. fakt, \u017ce wdro\u017cyli\u015bmy \u015brodki organizacyjne i techniczne zgodne z przepisami dotycz\u0105cymi ochrony danych osobowych.<\/p>\t\t\t\t\t\t\t\t<\/div>\n\t\t\t\t<\/div>\n\t\t\t\t\t<\/div>\n\t\t<\/div>\n\t\t\t\t\t<\/div>\n\t\t<\/section>\n\t\t\t\t<section class=\"elementor-section elementor-top-section elementor-element elementor-element-562a1002 elementor-section-content-middle elementor-section-boxed elementor-section-height-default elementor-section-height-default\" data-id=\"562a1002\" data-element_type=\"section\" data-e-type=\"section\">\n\t\t\t\t\t\t<div class=\"elementor-container elementor-column-gap-no\">\n\t\t\t\t\t<div class=\"elementor-column elementor-col-100 elementor-top-column elementor-element elementor-element-4a38aac4\" data-id=\"4a38aac4\" data-element_type=\"column\" data-e-type=\"column\" data-settings=\"{&quot;background_background&quot;:&quot;classic&quot;}\">\n\t\t\t<div class=\"elementor-widget-wrap elementor-element-populated\">\n\t\t\t\t\t\t<div class=\"elementor-element elementor-element-7043d1d3 elementor-widget elementor-widget-heading\" data-id=\"7043d1d3\" data-element_type=\"widget\" data-e-type=\"widget\" data-widget_type=\"heading.default\">\n\t\t\t\t<div class=\"elementor-widget-container\">\n\t\t\t\t\t<h2 class=\"elementor-heading-title elementor-size-default\">Polityka prywatno\u015bci<\/h2>\t\t\t\t<\/div>\n\t\t\t\t<\/div>\n\t\t\t\t<div class=\"elementor-element elementor-element-1a163f52 daten elementor-widget elementor-widget-text-editor\" data-id=\"1a163f52\" data-element_type=\"widget\" data-e-type=\"widget\" data-widget_type=\"text-editor.default\">\n\t\t\t\t<div class=\"elementor-widget-container\">\n\t\t\t\t\t\t\t\t\t<ul class=\"daten\">\n<li>Dbamy o bezpiecze\u0144stwo Twoich danych. O tym jak jest to dla nas wa\u017cne \u015bwiadczy m.in. fakt, \u017ce wdro\u017cyli\u015bmy \u015brodki organizacyjne i techniczne zgodne z przepisami dotycz\u0105cymi ochrony danych osobowych, w szczeg\u00f3lno\u015bci ustawy z dnia 29 sierpnia 1997 r. o ochronie danych osobowych (Dz.U.2002.101.926 j.t. z p\u00f3\u017an. zm.) oraz aktami wykonawczymi do tej\u017ce ustawy. Ponadto po\u0142\u0105czenie z nasz\u0105 stron\u0105 www.patek.com.pl jest szyfrowane przy pomocy protoko\u0142u SSL.<\/li>\n<li>Administratorem Twoich danych jest firma Patek Edward Patek, ul. Miedziana 45, 66-620 Gubin. NIP: 926-137-51-57 .<\/li>\n \t<li>Nie sprzedajemy ani nie udost\u0119pniamy nikomu Twoich danych.<\/li>\n \t<li>Nie przetwarzamy danych osobowych innych ni\u017c te, na kt\u00f3re wyrazisz zgod\u0119 i tylko w takim celu przetwarzania jaki potwierdzisz wyra\u017caj\u0105c zgod\u0119. Przys\u0142uguje Ci prawo dost\u0119pu do swoich danych, ich poprawienia lub usuni\u0119cia.<\/li>\n \t<li>Korzystamy z technologii przechowuj\u0105cej i uzyskuj\u0105cej dost\u0119p do informacji na komputerze b\u0105d\u017a innym urz\u0105dzeniu ko\u0144cowym U\u017cytkownika pod\u0142\u0105czonym do sieci Internet. Wykorzystujemy pliki cookies. Pliki cookies to niewielkie informacje tekstowe o sposobie korzystania z naszej strony, kt\u00f3re przechowywane s\u0105 po stronie U\u017cytkownika.<\/li>\n \t<li>Chcemy by\u0107 blisko potrzeb naszych U\u017cytkownik\u00f3w, dlatego analizujemy zanonimizowane informacje na temat U\u017cytkownik\u00f3w naszej strony. W tym celu korzystamy z kodu Google Analytics oraz Google AdWords. Jest to narz\u0119dzie do analityki internetowej, kt\u00f3re pomaga nam udoskonala\u0107 funkcjonalno\u015b\u0107 naszej strony. Us\u0142uga Google Analytics i Google Adwords gromadzi anonimowe informacje, odnotowuje tendencje wyst\u0119puj\u0105ce w witrynie bez identyfikowania poszczeg\u00f3lnych U\u017cytkownik\u00f3w. Podobnie, jak wiele innych us\u0142ug, narz\u0119dzie Google Analytics i Google AdWords korzysta z w\u0142asnych plik\u00f3w cookies do analizowania dzia\u0142a\u0144 U\u017cytkownik\u00f3w. Pliki te s\u0142u\u017c\u0105 do przechowywania informacji, np. czasu rozpocz\u0119cia bie\u017c\u0105cych odwiedzin oraz tego, czy U\u017cytkownik by\u0142 ju\u017c kiedy\u015b w Serwisie, z jakiej witryny trafi\u0142 na nasz\u0105 stron\u0119, jakiej rozdzielczo\u015bci ekranu jest jego urz\u0105dzenie, jakie przegl\u0105da\u0142 Us\u0142ugi na naszej stronie etc. Dzi\u0119ki tym plikom docieramy tak\u017ce do U\u017cytkownik\u00f3w poprzez reklam\u0119 remarketingow\u0105 w sieci reklamowej Google.<\/li>\n \t<li>Ka\u017cdy U\u017cytkownik mo\u017ce poprzez modyfikacj\u0119 ustawie\u0144 swojej przegl\u0105darki internetowej uniemo\u017cliwi\u0107 zapisywanie plik\u00f3w cookies na swoim urz\u0105dzeniu b\u0105d\u017a zapisane pliki trwale usun\u0105\u0107. U\u017cytkownik decyduje o przetwarzaniu plik\u00f3w cookies poprzez ustawienia swojej przegl\u0105darki internetowej.<\/li>\n \t<li>Informujemy, \u017ce ograniczenia stosowania technologii okre\u015blonych w ust. 1 i 2 mog\u0105 negatywnie wp\u0142yn\u0105\u0107 na prawid\u0142owo\u015b\u0107 i wygod\u0119 dzia\u0142ania naszej strony dla U\u017cytkownik\u00f3w.<\/li>\n<\/ul>\t\t\t\t\t\t\t\t<\/div>\n\t\t\t\t<\/div>\n\t\t\t\t\t<\/div>\n\t\t<\/div>\n\t\t\t\t\t<\/div>\n\t\t<\/section>\n\t\t\t\t<\/div>\n\t\t","protected":false},"excerpt":{"rendered":"<p>Patek to zasady Dbamy o bezpiecze\u0144stwo Twoich danych. O tym jak jest to dla nas wa\u017cne \u015bwiadczy m.in. fakt, \u017ce wdro\u017cyli\u015bmy \u015brodki organizacyjne i techniczne zgodne z przepisami dotycz\u0105cymi ochrony danych osobowych. Polityka prywatno\u015bci Dbamy o bezpiecze\u0144stwo Twoich danych. O tym jak jest to dla nas wa\u017cne \u015bwiadczy m.in. fakt, \u017ce wdro\u017cyli\u015bmy \u015brodki organizacyjne i [&hellip;]<\/p>\n","protected":false},"author":1,"featured_media":0,"parent":0,"menu_order":0,"comment_status":"closed","ping_status":"closed","template":"","meta":{"_seopress_robots_primary_cat":"","_seopress_titles_title":"","_seopress_titles_desc":"","_seopress_robots_index":"yes","site-sidebar-layout":"no-sidebar","site-content-layout":"page-builder","ast-site-content-layout":"default","site-content-style":"default","site-sidebar-style":"default","ast-global-header-display":"","ast-banner-title-visibility":"","ast-main-header-display":"","ast-hfb-above-header-display":"","ast-hfb-below-header-display":"","ast-hfb-mobile-header-display":"","site-post-title":"disabled","ast-breadcrumbs-content":"","ast-featured-img":"disabled","footer-sml-layout":"","ast-disable-related-posts":"","theme-transparent-header-meta":"enabled","adv-header-id-meta":"","stick-header-meta":"default","header-above-stick-meta":"","header-main-stick-meta":"","header-below-stick-meta":"","astra-migrate-meta-layouts":"default","ast-page-background-enabled":"default","ast-page-background-meta":{"desktop":{"background-color":"","background-image":"","background-repeat":"repeat","background-position":"center center","background-size":"auto","background-attachment":"scroll","background-type":"","background-media":"","overlay-type":"","overlay-color":"","overlay-opacity":"","overlay-gradient":""},"tablet":{"background-color":"","background-image":"","background-repeat":"repeat","background-position":"center center","background-size":"auto","background-attachment":"scroll","background-type":"","background-media":"","overlay-type":"","overlay-color":"","overlay-opacity":"","overlay-gradient":""},"mobile":{"background-color":"","background-image":"","background-repeat":"repeat","background-position":"center center","background-size":"auto","background-attachment":"scroll","background-type":"","background-media":"","overlay-type":"","overlay-color":"","overlay-opacity":"","overlay-gradient":""}},"ast-content-background-meta":{"desktop":{"background-color":"var(--ast-global-color-5)","background-image":"","background-repeat":"repeat","background-position":"center center","background-size":"auto","background-attachment":"scroll","background-type":"","background-media":"","overlay-type":"","overlay-color":"","overlay-opacity":"","overlay-gradient":""},"tablet":{"background-color":"var(--ast-global-color-5)","background-image":"","background-repeat":"repeat","background-position":"center center","background-size":"auto","background-attachment":"scroll","background-type":"","background-media":"","overlay-type":"","overlay-color":"","overlay-opacity":"","overlay-gradient":""},"mobile":{"background-color":"var(--ast-global-color-5)","background-image":"","background-repeat":"repeat","background-position":"center center","background-size":"auto","background-attachment":"scroll","background-type":"","background-media":"","overlay-type":"","overlay-color":"","overlay-opacity":"","overlay-gradient":""}},"footnotes":""},"class_list":["post-2706","page","type-page","status-publish","hentry"],"_links":{"self":[{"href":"https:\/\/patek.com.pl\/pl\/wp-json\/wp\/v2\/pages\/2706","targetHints":{"allow":["GET"]}}],"collection":[{"href":"https:\/\/patek.com.pl\/pl\/wp-json\/wp\/v2\/pages"}],"about":[{"href":"https:\/\/patek.com.pl\/pl\/wp-json\/wp\/v2\/types\/page"}],"author":[{"embeddable":true,"href":"https:\/\/patek.com.pl\/pl\/wp-json\/wp\/v2\/users\/1"}],"replies":[{"embeddable":true,"href":"https:\/\/patek.com.pl\/pl\/wp-json\/wp\/v2\/comments?post=2706"}],"version-history":[{"count":9,"href":"https:\/\/patek.com.pl\/pl\/wp-json\/wp\/v2\/pages\/2706\/revisions"}],"predecessor-version":[{"id":2854,"href":"https:\/\/patek.com.pl\/pl\/wp-json\/wp\/v2\/pages\/2706\/revisions\/2854"}],"wp:attachment":[{"href":"https:\/\/patek.com.pl\/pl\/wp-json\/wp\/v2\/media?parent=2706"}],"curies":[{"name":"wp","href":"https:\/\/api.w.org\/{rel}","templated":true}]}}